{"id":35,"date":"2014-06-26T09:22:03","date_gmt":"2014-06-26T09:22:03","guid":{"rendered":"http:\/\/beoquest.net\/?page_id=35"},"modified":"2020-09-25T12:12:39","modified_gmt":"2020-09-25T10:12:39","slug":"personalizovana-beogradska-potraga","status":"publish","type":"page","link":"https:\/\/beoquest.rs\/en\/how-it-works\/personalizovana-beogradska-potraga\/","title":{"rendered":"Custom Belgrade quest"},"content":{"rendered":"<p><\/p>\n<h2>You want to explore Belgrade with our quest, but you don\u2019t want to compete?<\/h2>\n<h2>Perfect solution for you is Belgrade walking quest, one of the examples of custom quests.<\/h2>\n<p>Your team is too small? Or you simply want to experience the quest all together, don\u2019t want to split up? It\u2019s too cold outside so you want to take hot beverage during the quest? Or make break for lunch regardless the weather? Maybe you have something else in mind that we didn&#8217;t think of?<a href=\"http:\/\/beoquest.rs\/wp-content\/uploads\/2020\/09\/personalizovana-beogradska-potraga.jpg\"><img decoding=\"async\" loading=\"lazy\" class=\"alignnone size-large wp-image-1394\" src=\"http:\/\/beoquest.rs\/wp-content\/uploads\/2020\/09\/personalizovana-beogradska-potraga-1024x694.jpg\" alt=\"\" width=\"640\" height=\"434\" srcset=\"https:\/\/beoquest.rs\/wp-content\/uploads\/2020\/09\/personalizovana-beogradska-potraga-1024x694.jpg 1024w, https:\/\/beoquest.rs\/wp-content\/uploads\/2020\/09\/personalizovana-beogradska-potraga-300x203.jpg 300w, https:\/\/beoquest.rs\/wp-content\/uploads\/2020\/09\/personalizovana-beogradska-potraga-768x521.jpg 768w\" sizes=\"(max-width: 640px) 100vw, 640px\" \/><\/a><\/p>\n<p>If kids are part of your team, the quest will cover smaller area of the city. The tasks that are part of the quest will be modified according to children&#8217;s age. We will not forget parents, some tasks will be just for them.<\/p>","protected":false},"excerpt":{"rendered":"<p>You want to explore Belgrade with our quest, but you don\u2019t want to compete? Perfect solution for you is Belgrade walking quest, one of the examples of custom quests. Your team is too small? Or you simply want to experience the quest all together, don\u2019t want to split up? It\u2019s too cold outside so you&#8230;<\/p>\n","protected":false},"author":2,"featured_media":0,"parent":21,"menu_order":2,"comment_status":"closed","ping_status":"closed","template":"","meta":[],"yoast_head":"<!-- This site is optimized with the Yoast SEO plugin v19.10 - https:\/\/yoast.com\/wordpress\/plugins\/seo\/ -->\n<title>personalizovana-beogradska-potraga<\/title>\n<meta name=\"description\" content=\"\u017delite da istra\u017eite Beograd kroz na\u0161u potragu, ali ne \u017eelite da se takmi\u010dite?Savr\u0161eno re\u0161enje za vas je personalizovana &quot;Beogradska potraga&quot;.\" \/>\n<meta name=\"robots\" content=\"index, follow, max-snippet:-1, max-image-preview:large, max-video-preview:-1\" \/>\n<link rel=\"canonical\" href=\"https:\/\/beoquest.rs\/en\/how-it-works\/personalizovana-beogradska-potraga\/\" \/>\n<meta property=\"og:locale\" content=\"en_US\" \/>\n<meta property=\"og:type\" content=\"article\" \/>\n<meta property=\"og:title\" content=\"personalizovana-beogradska-potraga\" \/>\n<meta property=\"og:description\" content=\"\u017delite da istra\u017eite Beograd kroz na\u0161u potragu, ali ne \u017eelite da se takmi\u010dite?Savr\u0161eno re\u0161enje za vas je personalizovana &quot;Beogradska potraga&quot;.\" \/>\n<meta property=\"og:url\" content=\"https:\/\/beoquest.rs\/en\/how-it-works\/personalizovana-beogradska-potraga\/\" \/>\n<meta property=\"og:site_name\" content=\"BeoQuest\" \/>\n<meta property=\"article:publisher\" content=\"https:\/\/www.facebook.com\/BeoQuest\" \/>\n<meta property=\"article:modified_time\" content=\"2020-09-25T10:12:39+00:00\" \/>\n<meta property=\"og:image\" content=\"http:\/\/beoquest.rs\/wp-content\/uploads\/2020\/09\/personalizovana-beogradska-potraga-1024x694.jpg\" \/>\n<meta name=\"twitter:card\" content=\"summary_large_image\" \/>\n<meta name=\"twitter:site\" content=\"@beoquest\" \/>\n<meta name=\"twitter:label1\" content=\"Est. reading time\" \/>\n\t<meta name=\"twitter:data1\" content=\"1 minute\" \/>\n<script type=\"application\/ld+json\" class=\"yoast-schema-graph\">{\"@context\":\"https:\/\/schema.org\",\"@graph\":[{\"@type\":\"WebPage\",\"@id\":\"https:\/\/beoquest.rs\/en\/how-it-works\/personalizovana-beogradska-potraga\/\",\"url\":\"https:\/\/beoquest.rs\/en\/how-it-works\/personalizovana-beogradska-potraga\/\",\"name\":\"personalizovana-beogradska-potraga\",\"isPartOf\":{\"@id\":\"https:\/\/beoquest.rs\/#website\"},\"datePublished\":\"2014-06-26T09:22:03+00:00\",\"dateModified\":\"2020-09-25T10:12:39+00:00\",\"description\":\"\u017delite da istra\u017eite Beograd kroz na\u0161u potragu, ali ne \u017eelite da se takmi\u010dite?Savr\u0161eno re\u0161enje za vas je personalizovana \\\"Beogradska potraga\\\".\",\"breadcrumb\":{\"@id\":\"https:\/\/beoquest.rs\/en\/how-it-works\/personalizovana-beogradska-potraga\/#breadcrumb\"},\"inLanguage\":\"en-US\",\"potentialAction\":[{\"@type\":\"ReadAction\",\"target\":[\"https:\/\/beoquest.rs\/en\/how-it-works\/personalizovana-beogradska-potraga\/\"]}]},{\"@type\":\"BreadcrumbList\",\"@id\":\"https:\/\/beoquest.rs\/en\/how-it-works\/personalizovana-beogradska-potraga\/#breadcrumb\",\"itemListElement\":[{\"@type\":\"ListItem\",\"position\":1,\"name\":\"Home\",\"item\":\"https:\/\/beoquest.rs\/en\/\"},{\"@type\":\"ListItem\",\"position\":2,\"name\":\"Kako funkcioni\u0161e?\",\"item\":\"https:\/\/beoquest.rs\/how-it-works\/\"},{\"@type\":\"ListItem\",\"position\":3,\"name\":\"Custom Belgrade quest\"}]},{\"@type\":\"WebSite\",\"@id\":\"https:\/\/beoquest.rs\/#website\",\"url\":\"https:\/\/beoquest.rs\/\",\"name\":\"BeoQuest\",\"description\":\"Interactive treasure hunts\",\"publisher\":{\"@id\":\"https:\/\/beoquest.rs\/#organization\"},\"potentialAction\":[{\"@type\":\"SearchAction\",\"target\":{\"@type\":\"EntryPoint\",\"urlTemplate\":\"https:\/\/beoquest.rs\/?s={search_term_string}\"},\"query-input\":\"required name=search_term_string\"}],\"inLanguage\":\"en-US\"},{\"@type\":\"Organization\",\"@id\":\"https:\/\/beoquest.rs\/#organization\",\"name\":\"Beoquest\",\"url\":\"https:\/\/beoquest.rs\/\",\"logo\":{\"@type\":\"ImageObject\",\"inLanguage\":\"en-US\",\"@id\":\"https:\/\/beoquest.rs\/#\/schema\/logo\/image\/\",\"url\":\"https:\/\/beoquest.rs\/wp-content\/uploads\/2014\/06\/logo11.jpg\",\"contentUrl\":\"https:\/\/beoquest.rs\/wp-content\/uploads\/2014\/06\/logo11.jpg\",\"width\":614,\"height\":610,\"caption\":\"Beoquest\"},\"image\":{\"@id\":\"https:\/\/beoquest.rs\/#\/schema\/logo\/image\/\"},\"sameAs\":[\"https:\/\/instagram.com\/beoquest\/\",\"https:\/\/www.linkedin.com\/company\/beoquest\",\"https:\/\/www.youtube.com\/channel\/UCilbFsqQ2HtTlLrjsE2CmYA\",\"https:\/\/www.facebook.com\/BeoQuest\",\"https:\/\/twitter.com\/beoquest\"]}]}<\/script>\n<!-- \/ Yoast SEO plugin. -->","yoast_head_json":{"title":"personalizovana-beogradska-potraga","description":"\u017delite da istra\u017eite Beograd kroz na\u0161u potragu, ali ne \u017eelite da se takmi\u010dite?Savr\u0161eno re\u0161enje za vas je personalizovana \"Beogradska potraga\".","robots":{"index":"index","follow":"follow","max-snippet":"max-snippet:-1","max-image-preview":"max-image-preview:large","max-video-preview":"max-video-preview:-1"},"canonical":"https:\/\/beoquest.rs\/en\/how-it-works\/personalizovana-beogradska-potraga\/","og_locale":"en_US","og_type":"article","og_title":"personalizovana-beogradska-potraga","og_description":"\u017delite da istra\u017eite Beograd kroz na\u0161u potragu, ali ne \u017eelite da se takmi\u010dite?Savr\u0161eno re\u0161enje za vas je personalizovana \"Beogradska potraga\".","og_url":"https:\/\/beoquest.rs\/en\/how-it-works\/personalizovana-beogradska-potraga\/","og_site_name":"BeoQuest","article_publisher":"https:\/\/www.facebook.com\/BeoQuest","article_modified_time":"2020-09-25T10:12:39+00:00","og_image":[{"url":"http:\/\/beoquest.rs\/wp-content\/uploads\/2020\/09\/personalizovana-beogradska-potraga-1024x694.jpg"}],"twitter_card":"summary_large_image","twitter_site":"@beoquest","twitter_misc":{"Est. reading time":"1 minute"},"schema":{"@context":"https:\/\/schema.org","@graph":[{"@type":"WebPage","@id":"https:\/\/beoquest.rs\/en\/how-it-works\/personalizovana-beogradska-potraga\/","url":"https:\/\/beoquest.rs\/en\/how-it-works\/personalizovana-beogradska-potraga\/","name":"personalizovana-beogradska-potraga","isPartOf":{"@id":"https:\/\/beoquest.rs\/#website"},"datePublished":"2014-06-26T09:22:03+00:00","dateModified":"2020-09-25T10:12:39+00:00","description":"\u017delite da istra\u017eite Beograd kroz na\u0161u potragu, ali ne \u017eelite da se takmi\u010dite?Savr\u0161eno re\u0161enje za vas je personalizovana \"Beogradska potraga\".","breadcrumb":{"@id":"https:\/\/beoquest.rs\/en\/how-it-works\/personalizovana-beogradska-potraga\/#breadcrumb"},"inLanguage":"en-US","potentialAction":[{"@type":"ReadAction","target":["https:\/\/beoquest.rs\/en\/how-it-works\/personalizovana-beogradska-potraga\/"]}]},{"@type":"BreadcrumbList","@id":"https:\/\/beoquest.rs\/en\/how-it-works\/personalizovana-beogradska-potraga\/#breadcrumb","itemListElement":[{"@type":"ListItem","position":1,"name":"Home","item":"https:\/\/beoquest.rs\/en\/"},{"@type":"ListItem","position":2,"name":"Kako funkcioni\u0161e?","item":"https:\/\/beoquest.rs\/how-it-works\/"},{"@type":"ListItem","position":3,"name":"Custom Belgrade quest"}]},{"@type":"WebSite","@id":"https:\/\/beoquest.rs\/#website","url":"https:\/\/beoquest.rs\/","name":"BeoQuest","description":"Interactive treasure hunts","publisher":{"@id":"https:\/\/beoquest.rs\/#organization"},"potentialAction":[{"@type":"SearchAction","target":{"@type":"EntryPoint","urlTemplate":"https:\/\/beoquest.rs\/?s={search_term_string}"},"query-input":"required name=search_term_string"}],"inLanguage":"en-US"},{"@type":"Organization","@id":"https:\/\/beoquest.rs\/#organization","name":"Beoquest","url":"https:\/\/beoquest.rs\/","logo":{"@type":"ImageObject","inLanguage":"en-US","@id":"https:\/\/beoquest.rs\/#\/schema\/logo\/image\/","url":"https:\/\/beoquest.rs\/wp-content\/uploads\/2014\/06\/logo11.jpg","contentUrl":"https:\/\/beoquest.rs\/wp-content\/uploads\/2014\/06\/logo11.jpg","width":614,"height":610,"caption":"Beoquest"},"image":{"@id":"https:\/\/beoquest.rs\/#\/schema\/logo\/image\/"},"sameAs":["https:\/\/instagram.com\/beoquest\/","https:\/\/www.linkedin.com\/company\/beoquest","https:\/\/www.youtube.com\/channel\/UCilbFsqQ2HtTlLrjsE2CmYA","https:\/\/www.facebook.com\/BeoQuest","https:\/\/twitter.com\/beoquest"]}]}},"_links":{"self":[{"href":"https:\/\/beoquest.rs\/en\/wp-json\/wp\/v2\/pages\/35"}],"collection":[{"href":"https:\/\/beoquest.rs\/en\/wp-json\/wp\/v2\/pages"}],"about":[{"href":"https:\/\/beoquest.rs\/en\/wp-json\/wp\/v2\/types\/page"}],"author":[{"embeddable":true,"href":"https:\/\/beoquest.rs\/en\/wp-json\/wp\/v2\/users\/2"}],"replies":[{"embeddable":true,"href":"https:\/\/beoquest.rs\/en\/wp-json\/wp\/v2\/comments?post=35"}],"version-history":[{"count":4,"href":"https:\/\/beoquest.rs\/en\/wp-json\/wp\/v2\/pages\/35\/revisions"}],"predecessor-version":[{"id":1396,"href":"https:\/\/beoquest.rs\/en\/wp-json\/wp\/v2\/pages\/35\/revisions\/1396"}],"up":[{"embeddable":true,"href":"https:\/\/beoquest.rs\/en\/wp-json\/wp\/v2\/pages\/21"}],"wp:attachment":[{"href":"https:\/\/beoquest.rs\/en\/wp-json\/wp\/v2\/media?parent=35"}],"curies":[{"name":"wp","href":"https:\/\/api.w.org\/{rel}","templated":true}]}}