{"id":33,"date":"2014-06-26T09:16:58","date_gmt":"2014-06-26T09:16:58","guid":{"rendered":"http:\/\/beoquest.net\/?page_id=33"},"modified":"2020-02-19T16:02:21","modified_gmt":"2020-02-19T14:02:21","slug":"team-bonding","status":"publish","type":"page","link":"https:\/\/beoquest.rs\/en\/team-bonding\/","title":{"rendered":"Team bonding"},"content":{"rendered":"<p>Teamwork is the most important factor that contributes to the success of any business or any company. This is why we do not call this activity\u00a0<em>team building<\/em>, since teams within each company already exist. This is\u00a0<em>team bonding<\/em>\u00a0since quests build stronger relationships through teamwork, fun and mutually created memories.<\/p>\n<p><a href=\"http:\/\/beoquest.rs\/wp-content\/uploads\/2014\/06\/team-bonding-belgrade1.jpg\"><img decoding=\"async\" loading=\"lazy\" class=\"alignnone size-large wp-image-1133\" src=\"http:\/\/beoquest.rs\/wp-content\/uploads\/2014\/06\/team-bonding-belgrade1-1024x505.jpg\" alt=\"team-bonding-belgrade\" width=\"640\" height=\"316\" srcset=\"https:\/\/beoquest.rs\/wp-content\/uploads\/2014\/06\/team-bonding-belgrade1-1024x505.jpg 1024w, https:\/\/beoquest.rs\/wp-content\/uploads\/2014\/06\/team-bonding-belgrade1-300x148.jpg 300w\" sizes=\"(max-width: 640px) 100vw, 640px\" \/><\/a><\/p>\n<p>Bringing employees together to form a team will not be enough, letting the members of the team bond over mutual interests, hobbies and talking are what needs to be done. The team bonding quest takes them through the city where challenges, brain teasers and historical facts await. These kinds of tasks really encourage teams to engage with one another. In the end it is not just about visiting some attraction in Belgrade; it is also about solving a riddle while walking around it: and that is what triggers the conversation among the team members. As participants are on quest they\u2019ll see something new, discover fun facts and, or at least get a good laugh. Fun is an essential part and that is why we are emphasizing the fun factor.<\/p>\n<p><strong><u>Logistics:<\/u><\/strong><\/p>\n<ul>\n<li><strong>Number of participants:\u00a0<\/strong>from\u00a04 to 8\u00a0per\u00a0one team<\/li>\n<li><strong>Time:\u00a0<\/strong>1\u00a0\u2013 3 hours<\/li>\n<li><strong>Language:<\/strong> Serbian or English<\/li>\n<li><strong>Equipment needed:\u00a0<\/strong>comfortable shoes and camera (cellphone camera will do), we provide the rest<\/li>\n<\/ul>\n<p>The team bonding quest is the kind of activity where anyone and everyone can get involved. It is so much fun and so exciting that all the employees love to be a part of this! Get your employees out of the offices and away from the computer screens, show them what Belgrade has to offer to your international partners, celebrate a mile stone\u2026 make our quest part of your team building event!<\/p>\n<p>These are some of our questers.<\/p>\n<p><a href=\"http:\/\/beoquest.rs\/wp-content\/uploads\/2020\/02\/participants.jpg\"><img decoding=\"async\" loading=\"lazy\" class=\"alignnone size-full wp-image-1334\" src=\"http:\/\/beoquest.rs\/wp-content\/uploads\/2020\/02\/participants.jpg\" alt=\"\" width=\"816\" height=\"215\" srcset=\"https:\/\/beoquest.rs\/wp-content\/uploads\/2020\/02\/participants.jpg 816w, https:\/\/beoquest.rs\/wp-content\/uploads\/2020\/02\/participants-300x79.jpg 300w, https:\/\/beoquest.rs\/wp-content\/uploads\/2020\/02\/participants-768x202.jpg 768w\" sizes=\"(max-width: 816px) 100vw, 816px\" \/><\/a><\/p>\n<p>&nbsp;<\/p>","protected":false},"excerpt":{"rendered":"<p>Teamwork is the most important factor that contributes to the success of any business or any company. This is why we do not call this activity\u00a0team building, since teams within each company already exist. This is\u00a0team bonding\u00a0since quests build stronger relationships through teamwork, fun and mutually created memories. Bringing employees together to form a team&#8230;<\/p>\n","protected":false},"author":2,"featured_media":0,"parent":0,"menu_order":1,"comment_status":"closed","ping_status":"closed","template":"","meta":[],"yoast_head":"<!-- This site is optimized with the Yoast SEO plugin v19.10 - https:\/\/yoast.com\/wordpress\/plugins\/seo\/ -->\n<title>Team bonding &#8902; BeoQuest<\/title>\n<meta name=\"description\" content=\"BeoQuest team bonding potrage uti\u010du na izgradnju sna\u017enijih me\u0111uljudskih veza kroz me\u0111usobno podsticanje kolega i kroz uspomene koje u\u010desnici ponesu sa sobom\" \/>\n<meta name=\"robots\" content=\"index, follow, max-snippet:-1, max-image-preview:large, max-video-preview:-1\" \/>\n<link rel=\"canonical\" href=\"https:\/\/beoquest.rs\/en\/team-bonding\/\" \/>\n<meta property=\"og:locale\" content=\"en_US\" \/>\n<meta property=\"og:type\" content=\"article\" \/>\n<meta property=\"og:title\" content=\"Team bonding &#8902; BeoQuest\" \/>\n<meta property=\"og:description\" content=\"BeoQuest team bonding potrage uti\u010du na izgradnju sna\u017enijih me\u0111uljudskih veza kroz me\u0111usobno podsticanje kolega i kroz uspomene koje u\u010desnici ponesu sa sobom\" \/>\n<meta property=\"og:url\" content=\"https:\/\/beoquest.rs\/en\/team-bonding\/\" \/>\n<meta property=\"og:site_name\" content=\"BeoQuest\" \/>\n<meta property=\"article:publisher\" content=\"https:\/\/www.facebook.com\/BeoQuest\" \/>\n<meta property=\"article:modified_time\" content=\"2020-02-19T14:02:21+00:00\" \/>\n<meta property=\"og:image\" content=\"http:\/\/beoquest.rs\/wp-content\/uploads\/2014\/06\/team-bonding-belgrade1-1024x505.jpg\" \/>\n<meta name=\"twitter:card\" content=\"summary_large_image\" \/>\n<meta name=\"twitter:site\" content=\"@beoquest\" \/>\n<meta name=\"twitter:label1\" content=\"Est. reading time\" \/>\n\t<meta name=\"twitter:data1\" content=\"3 minutes\" \/>\n<script type=\"application\/ld+json\" class=\"yoast-schema-graph\">{\"@context\":\"https:\/\/schema.org\",\"@graph\":[{\"@type\":\"WebPage\",\"@id\":\"https:\/\/beoquest.rs\/en\/team-bonding\/\",\"url\":\"https:\/\/beoquest.rs\/en\/team-bonding\/\",\"name\":\"Team bonding &#8902; BeoQuest\",\"isPartOf\":{\"@id\":\"https:\/\/beoquest.rs\/#website\"},\"datePublished\":\"2014-06-26T09:16:58+00:00\",\"dateModified\":\"2020-02-19T14:02:21+00:00\",\"description\":\"BeoQuest team bonding potrage uti\u010du na izgradnju sna\u017enijih me\u0111uljudskih veza kroz me\u0111usobno podsticanje kolega i kroz uspomene koje u\u010desnici ponesu sa sobom\",\"breadcrumb\":{\"@id\":\"https:\/\/beoquest.rs\/en\/team-bonding\/#breadcrumb\"},\"inLanguage\":\"en-US\",\"potentialAction\":[{\"@type\":\"ReadAction\",\"target\":[\"https:\/\/beoquest.rs\/en\/team-bonding\/\"]}]},{\"@type\":\"BreadcrumbList\",\"@id\":\"https:\/\/beoquest.rs\/en\/team-bonding\/#breadcrumb\",\"itemListElement\":[{\"@type\":\"ListItem\",\"position\":1,\"name\":\"Home\",\"item\":\"https:\/\/beoquest.rs\/en\/\"},{\"@type\":\"ListItem\",\"position\":2,\"name\":\"Team bonding\"}]},{\"@type\":\"WebSite\",\"@id\":\"https:\/\/beoquest.rs\/#website\",\"url\":\"https:\/\/beoquest.rs\/\",\"name\":\"BeoQuest\",\"description\":\"Interactive treasure hunts\",\"publisher\":{\"@id\":\"https:\/\/beoquest.rs\/#organization\"},\"potentialAction\":[{\"@type\":\"SearchAction\",\"target\":{\"@type\":\"EntryPoint\",\"urlTemplate\":\"https:\/\/beoquest.rs\/?s={search_term_string}\"},\"query-input\":\"required name=search_term_string\"}],\"inLanguage\":\"en-US\"},{\"@type\":\"Organization\",\"@id\":\"https:\/\/beoquest.rs\/#organization\",\"name\":\"Beoquest\",\"url\":\"https:\/\/beoquest.rs\/\",\"logo\":{\"@type\":\"ImageObject\",\"inLanguage\":\"en-US\",\"@id\":\"https:\/\/beoquest.rs\/#\/schema\/logo\/image\/\",\"url\":\"https:\/\/beoquest.rs\/wp-content\/uploads\/2014\/06\/logo11.jpg\",\"contentUrl\":\"https:\/\/beoquest.rs\/wp-content\/uploads\/2014\/06\/logo11.jpg\",\"width\":614,\"height\":610,\"caption\":\"Beoquest\"},\"image\":{\"@id\":\"https:\/\/beoquest.rs\/#\/schema\/logo\/image\/\"},\"sameAs\":[\"https:\/\/instagram.com\/beoquest\/\",\"https:\/\/www.linkedin.com\/company\/beoquest\",\"https:\/\/www.youtube.com\/channel\/UCilbFsqQ2HtTlLrjsE2CmYA\",\"https:\/\/www.facebook.com\/BeoQuest\",\"https:\/\/twitter.com\/beoquest\"]}]}<\/script>\n<!-- \/ Yoast SEO plugin. -->","yoast_head_json":{"title":"Team bonding &#8902; BeoQuest","description":"BeoQuest team bonding potrage uti\u010du na izgradnju sna\u017enijih me\u0111uljudskih veza kroz me\u0111usobno podsticanje kolega i kroz uspomene koje u\u010desnici ponesu sa sobom","robots":{"index":"index","follow":"follow","max-snippet":"max-snippet:-1","max-image-preview":"max-image-preview:large","max-video-preview":"max-video-preview:-1"},"canonical":"https:\/\/beoquest.rs\/en\/team-bonding\/","og_locale":"en_US","og_type":"article","og_title":"Team bonding &#8902; BeoQuest","og_description":"BeoQuest team bonding potrage uti\u010du na izgradnju sna\u017enijih me\u0111uljudskih veza kroz me\u0111usobno podsticanje kolega i kroz uspomene koje u\u010desnici ponesu sa sobom","og_url":"https:\/\/beoquest.rs\/en\/team-bonding\/","og_site_name":"BeoQuest","article_publisher":"https:\/\/www.facebook.com\/BeoQuest","article_modified_time":"2020-02-19T14:02:21+00:00","og_image":[{"url":"http:\/\/beoquest.rs\/wp-content\/uploads\/2014\/06\/team-bonding-belgrade1-1024x505.jpg"}],"twitter_card":"summary_large_image","twitter_site":"@beoquest","twitter_misc":{"Est. reading time":"3 minutes"},"schema":{"@context":"https:\/\/schema.org","@graph":[{"@type":"WebPage","@id":"https:\/\/beoquest.rs\/en\/team-bonding\/","url":"https:\/\/beoquest.rs\/en\/team-bonding\/","name":"Team bonding &#8902; BeoQuest","isPartOf":{"@id":"https:\/\/beoquest.rs\/#website"},"datePublished":"2014-06-26T09:16:58+00:00","dateModified":"2020-02-19T14:02:21+00:00","description":"BeoQuest team bonding potrage uti\u010du na izgradnju sna\u017enijih me\u0111uljudskih veza kroz me\u0111usobno podsticanje kolega i kroz uspomene koje u\u010desnici ponesu sa sobom","breadcrumb":{"@id":"https:\/\/beoquest.rs\/en\/team-bonding\/#breadcrumb"},"inLanguage":"en-US","potentialAction":[{"@type":"ReadAction","target":["https:\/\/beoquest.rs\/en\/team-bonding\/"]}]},{"@type":"BreadcrumbList","@id":"https:\/\/beoquest.rs\/en\/team-bonding\/#breadcrumb","itemListElement":[{"@type":"ListItem","position":1,"name":"Home","item":"https:\/\/beoquest.rs\/en\/"},{"@type":"ListItem","position":2,"name":"Team bonding"}]},{"@type":"WebSite","@id":"https:\/\/beoquest.rs\/#website","url":"https:\/\/beoquest.rs\/","name":"BeoQuest","description":"Interactive treasure hunts","publisher":{"@id":"https:\/\/beoquest.rs\/#organization"},"potentialAction":[{"@type":"SearchAction","target":{"@type":"EntryPoint","urlTemplate":"https:\/\/beoquest.rs\/?s={search_term_string}"},"query-input":"required name=search_term_string"}],"inLanguage":"en-US"},{"@type":"Organization","@id":"https:\/\/beoquest.rs\/#organization","name":"Beoquest","url":"https:\/\/beoquest.rs\/","logo":{"@type":"ImageObject","inLanguage":"en-US","@id":"https:\/\/beoquest.rs\/#\/schema\/logo\/image\/","url":"https:\/\/beoquest.rs\/wp-content\/uploads\/2014\/06\/logo11.jpg","contentUrl":"https:\/\/beoquest.rs\/wp-content\/uploads\/2014\/06\/logo11.jpg","width":614,"height":610,"caption":"Beoquest"},"image":{"@id":"https:\/\/beoquest.rs\/#\/schema\/logo\/image\/"},"sameAs":["https:\/\/instagram.com\/beoquest\/","https:\/\/www.linkedin.com\/company\/beoquest","https:\/\/www.youtube.com\/channel\/UCilbFsqQ2HtTlLrjsE2CmYA","https:\/\/www.facebook.com\/BeoQuest","https:\/\/twitter.com\/beoquest"]}]}},"_links":{"self":[{"href":"https:\/\/beoquest.rs\/en\/wp-json\/wp\/v2\/pages\/33"}],"collection":[{"href":"https:\/\/beoquest.rs\/en\/wp-json\/wp\/v2\/pages"}],"about":[{"href":"https:\/\/beoquest.rs\/en\/wp-json\/wp\/v2\/types\/page"}],"author":[{"embeddable":true,"href":"https:\/\/beoquest.rs\/en\/wp-json\/wp\/v2\/users\/2"}],"replies":[{"embeddable":true,"href":"https:\/\/beoquest.rs\/en\/wp-json\/wp\/v2\/comments?post=33"}],"version-history":[{"count":3,"href":"https:\/\/beoquest.rs\/en\/wp-json\/wp\/v2\/pages\/33\/revisions"}],"predecessor-version":[{"id":1336,"href":"https:\/\/beoquest.rs\/en\/wp-json\/wp\/v2\/pages\/33\/revisions\/1336"}],"wp:attachment":[{"href":"https:\/\/beoquest.rs\/en\/wp-json\/wp\/v2\/media?parent=33"}],"curies":[{"name":"wp","href":"https:\/\/api.w.org\/{rel}","templated":true}]}}